{"id":202,"date":"2020-04-10T17:15:05","date_gmt":"2020-04-10T15:15:05","guid":{"rendered":"http:\/\/www.ideology.it\/NODO\/?page_id=202"},"modified":"2025-08-04T08:01:17","modified_gmt":"2025-08-04T06:01:17","slug":"activity-reports","status":"publish","type":"page","link":"https:\/\/www.ilnodoonlus.org\/en\/activity-reports\/","title":{"rendered":"Activity reports"},"content":{"rendered":"<h2 class=\"translation-block\"><strong><span style=\"color:#FFFFFF\">Our Activities Over The Years<\/span><\/strong><\/h2>\n<h2><strong><span style=\"color:#FFFFFF\">I report delle nostre attivit\u00e0 negli anni<\/span><\/strong><\/h2>\n<h1>Activity Reports \u2013 Ita<\/h1>\n<ul>\n<li>\n<p>        <img decoding=\"async\" src=\"\/wp-content\/uploads\/2023\/03\/un-gioiello-per-la-pace.jpg\" alt=\"\"><\/p>\n<h3>2024<\/h3>\n<p><a href=\"https:\/\/www.ilnodoonlus.org\/wp-content\/uploads\/2025\/07\/Activity-Report-2024-compressed.pdf\">Download<\/a><\/p>\n<\/li>\n<li>\n<p>        <img decoding=\"async\" src=\"\/wp-content\/uploads\/2023\/03\/un-gioiello-per-la-pace.jpg\" alt=\"\"><\/p>\n<h3>2023<\/h3>\n<p><a href=\"https:\/\/www.ilnodoonlus.org\/wp-content\/uploads\/2025\/07\/Activity-Report-2023.pdf\">Download<\/a><\/p>\n<\/li>\n<li>\n<p>        <img decoding=\"async\" src=\"\/wp-content\/uploads\/2023\/03\/un-gioiello-per-la-pace.jpg\" alt=\"\"><\/p>\n<h3>2022<\/h3>\n<p><a href=\"https:\/\/www.ilnodoonlus.org\/wp-content\/uploads\/2025\/07\/2022-RAPPORTO-ANNUALE.pdf\">Download<\/a><\/p>\n<\/li>\n<li>\n<p>        <img decoding=\"async\" src=\"\/wp-content\/uploads\/2020\/10\/filtro.jpg\" alt=\"\"><\/p>\n<h3>2021<\/h3>\n<p><a href=\"https:\/\/www.ilnodoonlus.org\/wp-content\/uploads\/2025\/07\/2021-RAPPORTO-ANNUALE.pdf\">Download<\/a><\/p>\n<\/li>\n<li>\n<p>        <img decoding=\"async\" src=\"\/wp-content\/uploads\/2021\/11\/activityreports2020.jpg\" alt=\"\"><\/p>\n<h3>2020<\/h3>\n<p><a href=\"https:\/\/www.ilnodoonlus.org\/wp-content\/uploads\/2025\/07\/2020-RAPPORTO-ANNUALE.pdf\">Download<\/a><\/p>\n<\/li>\n<li>\n<p>        <img decoding=\"async\" src=\"\/wp-content\/uploads\/2020\/08\/scuola-3-scaled-e1598101153342.jpeg\" alt=\"\"><\/p>\n<h3>2019<\/h3>\n<p><a href=\"https:\/\/www.ilnodoonlus.org\/wp-content\/uploads\/2025\/07\/2019-RAPPORTO-ANNUALE.pdf\">Download<\/a><\/p>\n<\/li>\n<li>\n<p>        <img decoding=\"async\" src=\"\/wp-content\/uploads\/2020\/09\/AR_2018-scaled.jpg\" alt=\"\"><\/p>\n<h3>2018<\/h3>\n<p><a href=\"https:\/\/www.ilnodoonlus.org\/wp-content\/uploads\/2025\/07\/2018-RAPPORTO-ANNUALE.pdf\">Download<\/a><\/p>\n<\/li>\n<li>\n<p>        <img decoding=\"async\" src=\"\/wp-content\/uploads\/2020\/08\/ar_17.jpg\" alt=\"\"><\/p>\n<h3>2017<\/h3>\n<p><a href=\"\/wp-content\/uploads\/2020\/08\/Activity_Report_2017.pdf\">Download<\/a><\/p>\n<\/li>\n<li>\n<p>        <img decoding=\"async\" src=\"\/wp-content\/uploads\/2020\/08\/ar_16.jpg\" alt=\"\"><\/p>\n<h3>2016<\/h3>\n<p><a href=\"\/wp-content\/uploads\/2020\/08\/ILNodo_AR_2016_03-WEB-IT.pdf\">Download<\/a><\/p>\n<\/li>\n<li>\n<p>        <img decoding=\"async\" src=\"\/wp-content\/uploads\/2020\/09\/2015_AR.jpg\" alt=\"\"><\/p>\n<h3>2015<\/h3>\n<p><a href=\"https:\/\/www.ilnodoonlus.org\/wp-content\/uploads\/2025\/07\/2015-RAPPORTO-ANNUALE.pdf\">Download<\/a><\/p>\n<\/li>\n<li>\n<p>        <img decoding=\"async\" src=\"\/wp-content\/uploads\/2020\/08\/ar_14.jpg\" alt=\"\"><\/p>\n<h3>2014<\/h3>\n<p><a href=\"\/wp-content\/uploads\/2020\/08\/Il-Nodo-AR-2014-WEB.pdf\">Download<\/a><\/p>\n<\/li>\n<li>\n<p>        <img decoding=\"async\" src=\"\/wp-content\/uploads\/2020\/08\/ar_12.jpg\" alt=\"\"><\/p>\n<h3>2011 | 2012 | 2013<\/h3>\n<p><a href=\"https:\/\/www.ilnodoonlus.org\/wp-content\/uploads\/2025\/07\/2012-ACTIVITY-REPORT-EngIt.pdf\">Download<\/a><\/p>\n<\/li>\n<li>\n<p>        <img decoding=\"async\" src=\"\/wp-content\/uploads\/2020\/08\/ar_10.jpg\" alt=\"\"><\/p>\n<h3>2010<\/h3>\n<p><a href=\"https:\/\/www.ilnodoonlus.org\/wp-content\/uploads\/2025\/07\/2010-ANNUAL-REPORT-EngIt.pdf\">Download<\/a><\/p>\n<\/li>\n<li>\n<p>        <img decoding=\"async\" src=\"\/wp-content\/uploads\/2020\/09\/2009_AR.jpg\" alt=\"\"><\/p>\n<h3>2009<\/h3>\n<p><a href=\"https:\/\/www.ilnodoonlus.org\/wp-content\/uploads\/2025\/07\/2009-ANNUAL-REPORT-EngIt.pdf\">Download<\/a><\/p>\n<\/li>\n<li>\n<p>        <img decoding=\"async\" src=\"\/wp-content\/uploads\/2020\/08\/ar_08.jpg\" alt=\"\"><\/p>\n<h3>2008<\/h3>\n<p><a href=\"https:\/\/www.ilnodoonlus.org\/wp-content\/uploads\/2025\/07\/2008-RAPPORTO-ANNUALE.pdf\">Download<\/a><\/p>\n<\/li>\n<\/ul>\n<hr>\n<h1>Activity Reports \u2013 Eng<\/h1>\n<ul>\n<li>\n<p>        <img decoding=\"async\" src=\"\/wp-content\/uploads\/2020\/08\/ar_16.jpg\" alt=\"\"><\/p>\n<h3>2016<\/h3>\n<p><a href=\"https:\/\/www.ilnodoonlus.org\/wp-content\/uploads\/2025\/07\/2016-ANNUAL-REPORT.pdf\">Download<\/a><\/p>\n<\/li>\n<li>\n<p>        <img decoding=\"async\" src=\"\/wp-content\/uploads\/2020\/08\/ar_14.jpg\" alt=\"\"><\/p>\n<h3>2011 | 2012 | 2013<\/h3>\n<p><a href=\"https:\/\/www.ilnodoonlus.org\/wp-content\/uploads\/2025\/07\/2012-ACTIVITY-REPORT-EngIt.pdf\">Download<\/a><\/p>\n<\/li>\n<li>\n<p>        <img decoding=\"async\" src=\"\/wp-content\/uploads\/2020\/08\/ar_10.jpg\" alt=\"\"><\/p>\n<h3>2010<\/h3>\n<p><a href=\"https:\/\/www.ilnodoonlus.org\/wp-content\/uploads\/2025\/07\/2010-ANNUAL-REPORT-EngIt.pdf\">Download<\/a><\/p>\n<\/li>\n<li>\n<p>        <img decoding=\"async\" src=\"\/wp-content\/uploads\/2020\/09\/2009_AR.jpg\" alt=\"\"><\/p>\n<h3>2009<\/h3>\n<p><a href=\"https:\/\/www.ilnodoonlus.org\/wp-content\/uploads\/2025\/07\/2009-ANNUAL-REPORT-EngIt.pdf\">Download<\/a><\/p>\n<\/li>\n<\/ul>\n<hr>\n<p><!--more--><br \/>\n<!-- {\"children\":[{\"name\":\"Activities\",\"type\":\"section\",\"props\":{\"style\":\"default\",\"width\":\"\",\"vertical_align\":\"middle\",\"title_position\":\"top-left\",\"title_rotation\":\"left\",\"title_breakpoint\":\"xl\",\"image_position\":\"center-center\",\"image\":\"wp-content\\\/uploads\\\/2025\\\/06\\\/IMG_9314-1.jpg\",\"overlap\":true,\"image_size\":\"cover\",\"height\":\"percent\",\"padding_remove_bottom\":false,\"padding_remove_top\":false,\"media_overlay\":\"rgba(41, 40, 40, 0.32)\",\"media_background\":null,\"css\":\"@media (min-width: 960px)  {\\n    .el-section > * {\\n        padding-bottom: 290px !important;\\n    }\\n}\\n\\n@media (min-width: 1600px)  {\\n    .el-section > * {\\n        padding-bottom: 500px !important;\\n    }\\n}\",\"image_width\":\"2560\",\"animation\":\"fade\",\"image_height\":\"1080\"},\"children\":[{\"name\":\"\",\"type\":\"row\",\"props\":{\"column_gap\":\"collapse\",\"row_gap\":\"collapse\",\"match\":true},\"children\":[{\"name\":\"\",\"type\":\"column\",\"props\":{\"image_position\":\"center-center\",\"media_overlay_gradient\":\"\",\"vertical_align\":\"middle\",\"width_medium\":\"1-1\",\"position_sticky_breakpoint\":\"m\"},\"children\":[{\"name\":\"titolo desktop\",\"type\":\"headline\",\"props\":{\"title_element\":\"h2\",\"content\":\"<strong><span style=\\\"color:#FFFFFF\\\">I report delle nostre\\u00a0<br \/> attivit\\u00e0 negli anni<\\\/span><\\\/strong>\",\"text_align\":\"center\",\"title_style\":\"heading-large\",\"title_color\":\"muted\",\"animation\":\"slide-right-medium\",\"visibility\":\"s\"}},{\"name\":\"titolo mobile\",\"type\":\"headline\",\"props\":{\"title_element\":\"h2\",\"content\":\"<strong><span style=\\\"color:#FFFFFF\\\">I report delle nostre attivit\\u00e0 negli anni<\\\/span><\\\/strong>\",\"text_align\":\"center\",\"title_style\":\"h1\",\"title_color\":\"muted\",\"animation\":\"slide-right-medium\",\"visibility\":\"hidden-s\",\"class\":\"\"}}]}]}]},{\"name\":\"Activities\",\"type\":\"section\",\"props\":{\"style\":\"default\",\"width\":\"default\",\"vertical_align\":\"middle\",\"title_position\":\"top-left\",\"title_rotation\":\"left\",\"title_breakpoint\":\"xl\",\"image_position\":\"bottom-center\",\"image\":\"\",\"overlap\":true,\"image_size\":\"contain\",\"padding\":\"large\",\"padding_remove_bottom\":true,\"padding_remove_top\":false,\"media_overlay\":null,\"media_background\":null,\"css\":\"@media (min-width: 960px)  {\\n    .el-section > * {\\n        padding-bottom: 290px !important;\\n    }\\n}\\n\\n@media (min-width: 1600px)  {\\n    .el-section > * {\\n        padding-bottom: 500px !important;\\n    }\\n}\",\"image_width\":\"2560\",\"animation\":\"fade\",\"media_visibility\":\"m\"},\"children\":[{\"name\":\"\",\"type\":\"row\",\"children\":[{\"name\":\"\",\"type\":\"column\",\"props\":{\"image_position\":\"center-center\",\"media_overlay_gradient\":\"\",\"width_medium\":\"1-1\",\"position_sticky_breakpoint\":\"m\"},\"children\":[{\"type\":\"headline\",\"props\":{\"title_element\":\"h1\",\"content\":\"Rapporti Attivit\\u00e0 - Ita\",\"text_align\":\"center\"}},{\"name\":\"\",\"type\":\"grid\",\"props\":{\"show_title\":true,\"show_meta\":false,\"show_content\":false,\"show_image\":true,\"show_link\":true,\"grid_default\":\"1\",\"grid_medium\":\"4\",\"title_element\":\"h3\",\"meta_style\":\"text-meta\",\"meta_align\":\"below-title\",\"image_align\":\"top\",\"image_grid_width\":\"1-2\",\"link_text\":\"Scarica\",\"link_style\":\"primary\",\"margin\":\"large\",\"title_style\":\"h4\",\"grid_small\":\"2\",\"lightbox\":true,\"lightbox_image_width\":\"600\",\"filter_style\":\"tab\",\"filter_all\":true,\"filter_position\":\"top\",\"filter_align\":\"left\",\"filter_grid_width\":\"auto\",\"title_align\":\"top\",\"title_grid_width\":\"1-2\",\"image_svg_color\":\"emphasis\",\"item_animation\":true,\"filter_grid_breakpoint\":\"m\",\"title_grid_breakpoint\":\"m\",\"image_grid_breakpoint\":\"m\",\"title_hover_style\":\"reset\",\"text_align\":\"center\",\"image_width\":\"400\",\"image_height\":\"400\",\"icon_width\":80,\"panel_padding\":\"\",\"panel_card_size\":\"\",\"meta_element\":\"div\",\"content_column_breakpoint\":\"m\",\"parallax_easing\":\"1\"},\"children\":[{\"type\":\"grid_item\",\"props\":{\"title\":\"2024\",\"image\":\"wp-content\\\/uploads\\\/2023\\\/03\\\/un-gioiello-per-la-pace.jpg\",\"link\":\"https:\\\/\\\/www.ilnodoonlus.org\\\/wp-content\\\/uploads\\\/2025\\\/07\\\/Activity-Report-2024-compressed.pdf\"}},{\"type\":\"grid_item\",\"props\":{\"title\":\"2023\",\"image\":\"wp-content\\\/uploads\\\/2023\\\/03\\\/un-gioiello-per-la-pace.jpg\",\"link\":\"https:\\\/\\\/www.ilnodoonlus.org\\\/wp-content\\\/uploads\\\/2025\\\/07\\\/Activity-Report-2023.pdf\"}},{\"type\":\"grid_item\",\"props\":{\"title\":\"2022\",\"image\":\"wp-content\\\/uploads\\\/2023\\\/03\\\/un-gioiello-per-la-pace.jpg\",\"link\":\"https:\\\/\\\/www.ilnodoonlus.org\\\/wp-content\\\/uploads\\\/2025\\\/07\\\/2022-RAPPORTO-ANNUALE.pdf\"}},{\"type\":\"grid_item\",\"props\":{\"title\":\"2021\",\"image\":\"wp-content\\\/uploads\\\/2020\\\/10\\\/filtro.jpg\",\"link\":\"https:\\\/\\\/www.ilnodoonlus.org\\\/wp-content\\\/uploads\\\/2025\\\/07\\\/2021-RAPPORTO-ANNUALE.pdf\"}},{\"name\":\"\",\"type\":\"grid_item\",\"props\":{\"title\":\"2020\",\"image\":\"wp-content\\\/uploads\\\/2021\\\/11\\\/activityreports2020.jpg\",\"content\":\"\",\"link\":\"https:\\\/\\\/www.ilnodoonlus.org\\\/wp-content\\\/uploads\\\/2025\\\/07\\\/2020-RAPPORTO-ANNUALE.pdf\"}},{\"name\":\"\",\"type\":\"grid_item\",\"props\":{\"title\":\"2019\",\"image\":\"wp-content\\\/uploads\\\/2020\\\/08\\\/scuola-3-scaled-e1598101153342.jpeg\",\"content\":\"\",\"link\":\"https:\\\/\\\/www.ilnodoonlus.org\\\/wp-content\\\/uploads\\\/2025\\\/07\\\/2019-RAPPORTO-ANNUALE.pdf\"}},{\"name\":\"\",\"type\":\"grid_item\",\"props\":{\"title\":\"2018\",\"image\":\"wp-content\\\/uploads\\\/2020\\\/09\\\/AR_2018-scaled.jpg\",\"content\":\"\",\"link\":\"https:\\\/\\\/www.ilnodoonlus.org\\\/wp-content\\\/uploads\\\/2025\\\/07\\\/2018-RAPPORTO-ANNUALE.pdf\"}},{\"name\":\"\",\"type\":\"grid_item\",\"props\":{\"title\":\"2017\",\"image\":\"wp-content\\\/uploads\\\/2020\\\/08\\\/ar_17.jpg\",\"content\":\"\",\"link\":\"wp-content\\\/uploads\\\/2020\\\/08\\\/Activity_Report_2017.pdf\"}},{\"name\":\"\",\"type\":\"grid_item\",\"props\":{\"title\":\"2016\",\"image\":\"wp-content\\\/uploads\\\/2020\\\/08\\\/ar_16.jpg\",\"content\":\"\",\"link\":\"wp-content\\\/uploads\\\/2020\\\/08\\\/ILNodo_AR_2016_03-WEB-IT.pdf\"}},{\"name\":\"\",\"type\":\"grid_item\",\"props\":{\"title\":\"2015\",\"image\":\"wp-content\\\/uploads\\\/2020\\\/09\\\/2015_AR.jpg\",\"content\":\"\",\"link\":\"https:\\\/\\\/www.ilnodoonlus.org\\\/wp-content\\\/uploads\\\/2025\\\/07\\\/2015-RAPPORTO-ANNUALE.pdf\"}},{\"name\":\"\",\"type\":\"grid_item\",\"props\":{\"title\":\"2014\",\"image\":\"wp-content\\\/uploads\\\/2020\\\/08\\\/ar_14.jpg\",\"content\":\"\",\"link\":\"wp-content\\\/uploads\\\/2020\\\/08\\\/Il-Nodo-AR-2014-WEB.pdf\"}},{\"name\":\"\",\"type\":\"grid_item\",\"props\":{\"title\":\"2011 | 2012 | 2013\",\"image\":\"wp-content\\\/uploads\\\/2020\\\/08\\\/ar_12.jpg\",\"content\":\"\",\"link\":\"https:\\\/\\\/www.ilnodoonlus.org\\\/wp-content\\\/uploads\\\/2025\\\/07\\\/2012-ACTIVITY-REPORT-EngIt.pdf\"}},{\"name\":\"\",\"type\":\"grid_item\",\"props\":{\"title\":\"2010\",\"image\":\"wp-content\\\/uploads\\\/2020\\\/08\\\/ar_10.jpg\",\"content\":\"\",\"link\":\"https:\\\/\\\/www.ilnodoonlus.org\\\/wp-content\\\/uploads\\\/2025\\\/07\\\/2010-ANNUAL-REPORT-EngIt.pdf\"}},{\"name\":\"\",\"type\":\"grid_item\",\"props\":{\"title\":\"2009\",\"image\":\"wp-content\\\/uploads\\\/2020\\\/09\\\/2009_AR.jpg\",\"content\":\"\",\"link\":\"https:\\\/\\\/www.ilnodoonlus.org\\\/wp-content\\\/uploads\\\/2025\\\/07\\\/2009-ANNUAL-REPORT-EngIt.pdf\"}},{\"name\":\"\",\"type\":\"grid_item\",\"props\":{\"title\":\"2008\",\"image\":\"wp-content\\\/uploads\\\/2020\\\/08\\\/ar_08.jpg\",\"content\":\"\",\"link\":\"https:\\\/\\\/www.ilnodoonlus.org\\\/wp-content\\\/uploads\\\/2025\\\/07\\\/2008-RAPPORTO-ANNUALE.pdf\"}}]},{\"type\":\"divider\",\"props\":{\"divider_element\":\"hr\"}},{\"type\":\"headline\",\"props\":{\"title_element\":\"h1\",\"content\":\"Rapporti Attivit\\u00e0 - Eng\",\"text_align\":\"center\"}},{\"name\":\"\",\"type\":\"grid\",\"props\":{\"show_title\":true,\"show_meta\":false,\"show_content\":false,\"show_image\":true,\"show_link\":true,\"grid_default\":\"1\",\"grid_medium\":\"4\",\"title_element\":\"h3\",\"meta_style\":\"text-meta\",\"meta_align\":\"below-title\",\"image_align\":\"top\",\"image_grid_width\":\"1-2\",\"link_text\":\"Scarica\",\"link_style\":\"primary\",\"margin\":\"large\",\"title_style\":\"h4\",\"grid_small\":\"2\",\"lightbox\":true,\"lightbox_image_width\":\"600\",\"filter_style\":\"tab\",\"filter_all\":true,\"filter_position\":\"top\",\"filter_align\":\"left\",\"filter_grid_width\":\"auto\",\"title_align\":\"top\",\"title_grid_width\":\"1-2\",\"image_svg_color\":\"emphasis\",\"item_animation\":true,\"filter_grid_breakpoint\":\"m\",\"title_grid_breakpoint\":\"m\",\"image_grid_breakpoint\":\"m\",\"title_hover_style\":\"reset\",\"text_align\":\"center\",\"image_width\":\"400\",\"image_height\":\"400\",\"icon_width\":80,\"panel_padding\":\"\",\"panel_card_size\":\"\",\"meta_element\":\"div\",\"content_column_breakpoint\":\"m\",\"parallax_easing\":\"1\"},\"children\":[{\"name\":\"\",\"type\":\"grid_item\",\"props\":{\"title\":\"2016\",\"image\":\"wp-content\\\/uploads\\\/2020\\\/08\\\/ar_16.jpg\",\"content\":\"\",\"link\":\"https:\\\/\\\/www.ilnodoonlus.org\\\/wp-content\\\/uploads\\\/2025\\\/07\\\/2016-ANNUAL-REPORT.pdf\"}},{\"name\":\"\",\"type\":\"grid_item\",\"props\":{\"title\":\"2011 | 2012 | 2013\",\"image\":\"wp-content\\\/uploads\\\/2020\\\/08\\\/ar_14.jpg\",\"content\":\"\",\"link\":\"https:\\\/\\\/www.ilnodoonlus.org\\\/wp-content\\\/uploads\\\/2025\\\/07\\\/2012-ACTIVITY-REPORT-EngIt.pdf\"}},{\"name\":\"\",\"type\":\"grid_item\",\"props\":{\"title\":\"2010\",\"image\":\"wp-content\\\/uploads\\\/2020\\\/08\\\/ar_10.jpg\",\"content\":\"\",\"link\":\"https:\\\/\\\/www.ilnodoonlus.org\\\/wp-content\\\/uploads\\\/2025\\\/07\\\/2010-ANNUAL-REPORT-EngIt.pdf\"}},{\"name\":\"\",\"type\":\"grid_item\",\"props\":{\"title\":\"2009\",\"image\":\"wp-content\\\/uploads\\\/2020\\\/09\\\/2009_AR.jpg\",\"content\":\"\",\"link\":\"https:\\\/\\\/www.ilnodoonlus.org\\\/wp-content\\\/uploads\\\/2025\\\/07\\\/2009-ANNUAL-REPORT-EngIt.pdf\"}}]}]}]},{\"type\":\"row\",\"children\":[{\"type\":\"column\",\"props\":{\"position_sticky_breakpoint\":\"m\",\"image_position\":\"center-center\",\"media_overlay_gradient\":\"\"},\"children\":[{\"type\":\"divider\",\"props\":{\"divider_element\":\"hr\"}}]}]}]}],\"version\":\"3.0.4\",\"type\":\"layout\"} --><\/p>","protected":false},"excerpt":{"rendered":"<p>I report delle nostre\u00a0 attivit\u00e0 negli anni I report delle nostre attivit\u00e0 negli anni Rapporti Attivit\u00e0 &#8211; Ita 2024 Scarica 2023 Scarica 2022 Scarica 2021 Scarica 2020 Scarica 2019 Scarica 2018 Scarica 2017 Scarica 2016 Scarica 2015 Scarica 2014 Scarica 2011 | 2012 | 2013 Scarica 2010 Scarica 2009 Scarica 2008 Scarica Rapporti Attivit\u00e0 &#8211; [&hellip;]<\/p>","protected":false},"author":84,"featured_media":0,"parent":0,"menu_order":0,"comment_status":"closed","ping_status":"closed","template":"","meta":{"footnotes":""},"class_list":["post-202","page","type-page","status-publish","hentry"],"_links":{"self":[{"href":"https:\/\/www.ilnodoonlus.org\/en\/wp-json\/wp\/v2\/pages\/202","targetHints":{"allow":["GET"]}}],"collection":[{"href":"https:\/\/www.ilnodoonlus.org\/en\/wp-json\/wp\/v2\/pages"}],"about":[{"href":"https:\/\/www.ilnodoonlus.org\/en\/wp-json\/wp\/v2\/types\/page"}],"author":[{"embeddable":true,"href":"https:\/\/www.ilnodoonlus.org\/en\/wp-json\/wp\/v2\/users\/84"}],"replies":[{"embeddable":true,"href":"https:\/\/www.ilnodoonlus.org\/en\/wp-json\/wp\/v2\/comments?post=202"}],"version-history":[{"count":69,"href":"https:\/\/www.ilnodoonlus.org\/en\/wp-json\/wp\/v2\/pages\/202\/revisions"}],"predecessor-version":[{"id":4021,"href":"https:\/\/www.ilnodoonlus.org\/en\/wp-json\/wp\/v2\/pages\/202\/revisions\/4021"}],"wp:attachment":[{"href":"https:\/\/www.ilnodoonlus.org\/en\/wp-json\/wp\/v2\/media?parent=202"}],"curies":[{"name":"wp","href":"https:\/\/api.w.org\/{rel}","templated":true}]}}